{"id":114,"date":"2024-12-28T16:19:53","date_gmt":"2024-12-28T16:19:53","guid":{"rendered":"https:\/\/ironliftelevadores.com\/?page_id=114"},"modified":"2024-12-28T16:33:43","modified_gmt":"2024-12-28T16:33:43","slug":"consultoria-elevador-2","status":"publish","type":"page","link":"https:\/\/ironliftelevadores.com\/index.php\/consultoria-elevador-2\/","title":{"rendered":"Manuten\u00e7\u00e3o de elevador"},"content":{"rendered":"\t\t<div data-elementor-type=\"wp-page\" data-elementor-id=\"114\" class=\"elementor elementor-114\">\n\t\t\t\t<div class=\"elementor-element elementor-element-9c7d3cb e-flex e-con-boxed e-con e-parent\" data-id=\"9c7d3cb\" data-element_type=\"container\">\n\t\t\t\t\t<div class=\"e-con-inner\">\n\t\t\t\t<div class=\"elementor-element elementor-element-9e042b3 elementor-widget elementor-widget-heading\" data-id=\"9e042b3\" data-element_type=\"widget\" data-widget_type=\"heading.default\">\n\t\t\t\t<div class=\"elementor-widget-container\">\n\t\t\t<style>\/*! elementor - v3.22.0 - 26-06-2024 *\/\n.elementor-heading-title{padding:0;margin:0;line-height:1}.elementor-widget-heading .elementor-heading-title[class*=elementor-size-]>a{color:inherit;font-size:inherit;line-height:inherit}.elementor-widget-heading .elementor-heading-title.elementor-size-small{font-size:15px}.elementor-widget-heading .elementor-heading-title.elementor-size-medium{font-size:19px}.elementor-widget-heading .elementor-heading-title.elementor-size-large{font-size:29px}.elementor-widget-heading .elementor-heading-title.elementor-size-xl{font-size:39px}.elementor-widget-heading .elementor-heading-title.elementor-size-xxl{font-size:59px}<\/style><h2 class=\"elementor-heading-title elementor-size-default\">Manuten\u00e7\u00e3o de qualidade para o seu elevador<\/h2>\t\t<\/div>\n\t\t\t\t<\/div>\n\t\t\t\t\t<\/div>\n\t\t\t\t<\/div>\n\t\t<div class=\"elementor-element elementor-element-fdd8aad e-flex e-con-boxed e-con e-parent\" data-id=\"fdd8aad\" data-element_type=\"container\">\n\t\t\t\t\t<div class=\"e-con-inner\">\n\t\t\t\t<div class=\"elementor-element elementor-element-faedc2b elementor-widget elementor-widget-image\" data-id=\"faedc2b\" data-element_type=\"widget\" data-widget_type=\"image.default\">\n\t\t\t\t<div class=\"elementor-widget-container\">\n\t\t\t<style>\/*! elementor - v3.22.0 - 26-06-2024 *\/\n.elementor-widget-image{text-align:center}.elementor-widget-image a{display:inline-block}.elementor-widget-image a img[src$=\".svg\"]{width:48px}.elementor-widget-image img{vertical-align:middle;display:inline-block}<\/style>\t\t\t\t\t\t\t\t\t\t<img fetchpriority=\"high\" decoding=\"async\" width=\"1024\" height=\"910\" src=\"https:\/\/ironliftelevadores.com\/wp-content\/uploads\/2024\/02\/11687-1024x910.jpg\" class=\"attachment-large size-large wp-image-74\" alt=\"\" srcset=\"https:\/\/ironliftelevadores.com\/wp-content\/uploads\/2024\/02\/11687-1024x910.jpg 1024w, https:\/\/ironliftelevadores.com\/wp-content\/uploads\/2024\/02\/11687-300x267.jpg 300w, https:\/\/ironliftelevadores.com\/wp-content\/uploads\/2024\/02\/11687-768x683.jpg 768w, https:\/\/ironliftelevadores.com\/wp-content\/uploads\/2024\/02\/11687-1536x1365.jpg 1536w, https:\/\/ironliftelevadores.com\/wp-content\/uploads\/2024\/02\/11687-2048x1820.jpg 2048w\" sizes=\"(max-width: 1024px) 100vw, 1024px\" \/>\t\t\t\t\t\t\t\t\t\t\t\t\t<\/div>\n\t\t\t\t<\/div>\n\t\t\t\t<div class=\"elementor-element elementor-element-005fa04 elementor-widget elementor-widget-text-editor\" data-id=\"005fa04\" data-element_type=\"widget\" data-widget_type=\"text-editor.default\">\n\t\t\t\t<div class=\"elementor-widget-container\">\n\t\t\t<style>\/*! elementor - v3.22.0 - 26-06-2024 *\/\n.elementor-widget-text-editor.elementor-drop-cap-view-stacked .elementor-drop-cap{background-color:#69727d;color:#fff}.elementor-widget-text-editor.elementor-drop-cap-view-framed .elementor-drop-cap{color:#69727d;border:3px solid;background-color:transparent}.elementor-widget-text-editor:not(.elementor-drop-cap-view-default) .elementor-drop-cap{margin-top:8px}.elementor-widget-text-editor:not(.elementor-drop-cap-view-default) .elementor-drop-cap-letter{width:1em;height:1em}.elementor-widget-text-editor .elementor-drop-cap{float:left;text-align:center;line-height:1;font-size:50px}.elementor-widget-text-editor .elementor-drop-cap-letter{display:inline-block}<\/style>\t\t\t\t<p>Entre em contato com a Ironlift no bot\u00e3o abaixo, realizamos manuten\u00e7\u00e3o para o seu elevador forma humanizada com especialistas altamente capacitados para a sua seguran\u00e7a<\/p>\t\t\t\t\t\t<\/div>\n\t\t\t\t<\/div>\n\t\t\t\t\t<\/div>\n\t\t\t\t<\/div>\n\t\t<div class=\"elementor-element elementor-element-e24b325 e-flex e-con-boxed e-con e-parent\" data-id=\"e24b325\" data-element_type=\"container\">\n\t\t\t\t\t<div class=\"e-con-inner\">\n\t\t\t\t<div class=\"elementor-element elementor-element-c3ae1a6 elementor-widget elementor-widget-button\" data-id=\"c3ae1a6\" data-element_type=\"widget\" data-widget_type=\"button.default\">\n\t\t\t\t<div class=\"elementor-widget-container\">\n\t\t\t\t\t<div class=\"elementor-button-wrapper\">\n\t\t\t<a class=\"elementor-button elementor-button-link elementor-size-sm\" href=\"https:\/\/wa.me\/5511912207007\">\n\t\t\t\t\t\t<span class=\"elementor-button-content-wrapper\">\n\t\t\t\t\t\t\t\t\t<span class=\"elementor-button-text\">Contate-nos<\/span>\n\t\t\t\t\t<\/span>\n\t\t\t\t\t<\/a>\n\t\t<\/div>\n\t\t\t\t<\/div>\n\t\t\t\t<\/div>\n\t\t\t\t\t<\/div>\n\t\t\t\t<\/div>\n\t\t<div class=\"elementor-element elementor-element-02f0774 e-flex e-con-boxed e-con e-parent\" data-id=\"02f0774\" data-element_type=\"container\">\n\t\t\t\t\t<div class=\"e-con-inner\">\n\t\t\t\t<div class=\"elementor-element elementor-element-ee26ed4 elementor-widget elementor-widget-wp-widget-wpforms-widget\" data-id=\"ee26ed4\" data-element_type=\"widget\" data-widget_type=\"wp-widget-wpforms-widget.default\">\n\t\t\t\t<div class=\"elementor-widget-container\">\n\t\t\t<div class=\"wpforms-container wpforms-container-full wpforms-render-modern\" id=\"wpforms-59\"><form id=\"wpforms-form-59\" class=\"wpforms-validate wpforms-form wpforms-ajax-form\" data-formid=\"59\" method=\"post\" enctype=\"multipart\/form-data\" action=\"\/index.php\/wp-json\/wp\/v2\/pages\/114\" data-token=\"0b59638cb7a069fd1dd23ee59397f8d1\"><noscript class=\"wpforms-error-noscript\">Ative o JavaScript no seu navegador para preencher este formul\u00e1rio.<\/noscript><div class=\"wpforms-hidden\" id=\"wpforms-error-noscript\">Ative o JavaScript no seu navegador para preencher este formul\u00e1rio.<\/div><div class=\"wpforms-field-container\"><div id=\"wpforms-59-field_1-container\" class=\"wpforms-field wpforms-field-name\" data-field-id=\"1\"><fieldset><legend class=\"wpforms-field-label\">Nome <span class=\"wpforms-required-label\" aria-hidden=\"true\">*<\/span><\/legend><div class=\"wpforms-field-row wpforms-field-medium\"><div class=\"wpforms-field-row-block wpforms-first wpforms-one-half\"><input type=\"text\" id=\"wpforms-59-field_1\" class=\"wpforms-field-name-first wpforms-field-required\" name=\"wpforms[fields][1][first]\" aria-errormessage=\"wpforms-59-field_1-error\" required><label for=\"wpforms-59-field_1\" class=\"wpforms-field-sublabel after \">Nome<\/label><\/div><div class=\"wpforms-field-row-block wpforms-one-half\"><input type=\"text\" id=\"wpforms-59-field_1-last\" class=\"wpforms-field-name-last wpforms-field-required\" name=\"wpforms[fields][1][last]\" aria-errormessage=\"wpforms-59-field_1-last-error\" required><label for=\"wpforms-59-field_1-last\" class=\"wpforms-field-sublabel after \">Sobrenome<\/label><\/div><\/div><\/fieldset><\/div><div id=\"wpforms-59-field_2-container\" class=\"wpforms-field wpforms-field-email\" data-field-id=\"2\"><label class=\"wpforms-field-label\" for=\"wpforms-59-field_2\">E-mail <span class=\"wpforms-required-label\" aria-hidden=\"true\">*<\/span><\/label><input type=\"email\" id=\"wpforms-59-field_2\" class=\"wpforms-field-medium wpforms-field-required\" name=\"wpforms[fields][2]\" spellcheck=\"false\" aria-errormessage=\"wpforms-59-field_2-error\" required><\/div><div id=\"wpforms-59-field_4-container\" class=\"wpforms-field wpforms-field-number\" data-field-id=\"4\"><label class=\"wpforms-field-label\" for=\"wpforms-59-field_4\">Celular <span class=\"wpforms-required-label\" aria-hidden=\"true\">*<\/span><\/label><input type=\"number\" pattern=\"\\d*\" id=\"wpforms-59-field_4\" class=\"wpforms-field-medium wpforms-field-required\" name=\"wpforms[fields][4]\" aria-errormessage=\"wpforms-59-field_4-error\" required><\/div><div id=\"wpforms-59-field_3-container\" class=\"wpforms-field wpforms-field-select wpforms-field-select-style-classic\" data-field-id=\"3\"><label class=\"wpforms-field-label\" for=\"wpforms-59-field_3\">O que procura?<\/label><select id=\"wpforms-59-field_3\" class=\"wpforms-field-medium\" name=\"wpforms[fields][3]\"><option value=\"Servi\u00e7os\" >Servi\u00e7os<\/option><option value=\"Reparo\" >Reparo<\/option><option value=\"Moderniza\u00e7\u00e3o\" >Moderniza\u00e7\u00e3o<\/option><option value=\"Consultoria\" >Consultoria<\/option><option value=\"Outros\" >Outros<\/option><\/select><\/div><div id=\"wpforms-59-field_5-container\" class=\"wpforms-field wpforms-field-text\" data-field-id=\"5\"><label class=\"wpforms-field-label\" for=\"wpforms-59-field_5\">Menssagem<\/label><input type=\"text\" id=\"wpforms-59-field_5\" class=\"wpforms-field-medium\" name=\"wpforms[fields][5]\" aria-errormessage=\"wpforms-59-field_5-error\" ><\/div><\/div><!-- .wpforms-field-container --><div class=\"wpforms-submit-container\" ><input type=\"hidden\" name=\"wpforms[id]\" value=\"59\"><input type=\"hidden\" name=\"wpforms[author]\" value=\"1\"><button type=\"submit\" name=\"wpforms[submit]\" id=\"wpforms-submit-59\" class=\"wpforms-submit\" data-alt-text=\"Enviando\u2026\" data-submit-text=\"Enviar\" aria-live=\"assertive\" value=\"wpforms-submit\">Enviar<\/button><img decoding=\"async\" src=\"https:\/\/ironliftelevadores.com\/wp-content\/plugins\/wpforms-lite\/assets\/images\/submit-spin.svg\" class=\"wpforms-submit-spinner\" style=\"display: none;\" width=\"26\" height=\"26\" alt=\"Carregando\"><\/div><\/form><\/div>  <!-- .wpforms-container -->\t\t<\/div>\n\t\t\t\t<\/div>\n\t\t\t\t\t<\/div>\n\t\t\t\t<\/div>\n\t\t\t\t<\/div>\n\t\t","protected":false},"excerpt":{"rendered":"<p>Manuten\u00e7\u00e3o de qualidade para o seu elevador Entre em contato com a Ironlift no bot\u00e3o abaixo, realizamos manuten\u00e7\u00e3o para o seu elevador forma humanizada com especialistas altamente capacitados para a sua seguran\u00e7a Contate-nos<\/p>\n","protected":false},"author":1,"featured_media":0,"parent":0,"menu_order":0,"comment_status":"closed","ping_status":"closed","template":"","meta":{"content-type":"","footnotes":""},"class_list":["post-114","page","type-page","status-publish","hentry"],"yoast_head":"<!-- This site is optimized with the Yoast SEO plugin v22.0 - https:\/\/yoast.com\/wordpress\/plugins\/seo\/ -->\n<title>Manuten\u00e7\u00e3o de elevador - Iron Lift Elevadores<\/title>\n<meta name=\"description\" content=\"Manuten\u00e7\u00e3o de elevador em S\u00e3o Paulo\" \/>\n<meta name=\"robots\" content=\"index, follow, max-snippet:-1, max-image-preview:large, max-video-preview:-1\" \/>\n<link rel=\"canonical\" href=\"https:\/\/ironliftelevadores.com\/index.php\/consultoria-elevador-2\/\" \/>\n<meta property=\"og:locale\" content=\"pt_BR\" \/>\n<meta property=\"og:type\" content=\"article\" \/>\n<meta property=\"og:title\" content=\"Manuten\u00e7\u00e3o de elevador - Iron Lift Elevadores\" \/>\n<meta property=\"og:description\" content=\"Manuten\u00e7\u00e3o de elevador em S\u00e3o Paulo\" \/>\n<meta property=\"og:url\" content=\"https:\/\/ironliftelevadores.com\/index.php\/consultoria-elevador-2\/\" \/>\n<meta property=\"og:site_name\" content=\"Iron Lift Elevadores\" \/>\n<meta property=\"article:modified_time\" content=\"2024-12-28T16:33:43+00:00\" \/>\n<meta property=\"og:image\" content=\"https:\/\/ironliftelevadores.com\/wp-content\/uploads\/2024\/02\/11687-1024x910.jpg\" \/>\n<meta name=\"twitter:card\" content=\"summary_large_image\" \/>\n<meta name=\"twitter:label1\" content=\"Est. tempo de leitura\" \/>\n\t<meta name=\"twitter:data1\" content=\"1 minuto\" \/>\n<script type=\"application\/ld+json\" class=\"yoast-schema-graph\">{\"@context\":\"https:\/\/schema.org\",\"@graph\":[{\"@type\":\"WebPage\",\"@id\":\"https:\/\/ironliftelevadores.com\/index.php\/consultoria-elevador-2\/\",\"url\":\"https:\/\/ironliftelevadores.com\/index.php\/consultoria-elevador-2\/\",\"name\":\"Manuten\u00e7\u00e3o de elevador - Iron Lift Elevadores\",\"isPartOf\":{\"@id\":\"https:\/\/ironliftelevadores.com\/#website\"},\"datePublished\":\"2024-12-28T16:19:53+00:00\",\"dateModified\":\"2024-12-28T16:33:43+00:00\",\"description\":\"Manuten\u00e7\u00e3o de elevador em S\u00e3o Paulo\",\"breadcrumb\":{\"@id\":\"https:\/\/ironliftelevadores.com\/index.php\/consultoria-elevador-2\/#breadcrumb\"},\"inLanguage\":\"pt-BR\",\"potentialAction\":[{\"@type\":\"ReadAction\",\"target\":[\"https:\/\/ironliftelevadores.com\/index.php\/consultoria-elevador-2\/\"]}]},{\"@type\":\"BreadcrumbList\",\"@id\":\"https:\/\/ironliftelevadores.com\/index.php\/consultoria-elevador-2\/#breadcrumb\",\"itemListElement\":[{\"@type\":\"ListItem\",\"position\":1,\"name\":\"In\u00edcio\",\"item\":\"https:\/\/ironliftelevadores.com\/\"},{\"@type\":\"ListItem\",\"position\":2,\"name\":\"Manuten\u00e7\u00e3o de elevador\"}]},{\"@type\":\"WebSite\",\"@id\":\"https:\/\/ironliftelevadores.com\/#website\",\"url\":\"https:\/\/ironliftelevadores.com\/\",\"name\":\"Iron Lift Elevadores\",\"description\":\"\",\"publisher\":{\"@id\":\"https:\/\/ironliftelevadores.com\/#organization\"},\"potentialAction\":[{\"@type\":\"SearchAction\",\"target\":{\"@type\":\"EntryPoint\",\"urlTemplate\":\"https:\/\/ironliftelevadores.com\/?s={search_term_string}\"},\"query-input\":\"required name=search_term_string\"}],\"inLanguage\":\"pt-BR\"},{\"@type\":\"Organization\",\"@id\":\"https:\/\/ironliftelevadores.com\/#organization\",\"name\":\"Iron Lift Elevadores\",\"url\":\"https:\/\/ironliftelevadores.com\/\",\"logo\":{\"@type\":\"ImageObject\",\"inLanguage\":\"pt-BR\",\"@id\":\"https:\/\/ironliftelevadores.com\/#\/schema\/logo\/image\/\",\"url\":\"https:\/\/ironliftelevadores.com\/wp-content\/uploads\/2024\/02\/IRON-LIFT-LOGO-OFICIAL-V1.jpg\",\"contentUrl\":\"https:\/\/ironliftelevadores.com\/wp-content\/uploads\/2024\/02\/IRON-LIFT-LOGO-OFICIAL-V1.jpg\",\"width\":895,\"height\":329,\"caption\":\"Iron Lift Elevadores\"},\"image\":{\"@id\":\"https:\/\/ironliftelevadores.com\/#\/schema\/logo\/image\/\"}}]}<\/script>\n<!-- \/ Yoast SEO plugin. -->","yoast_head_json":{"title":"Manuten\u00e7\u00e3o de elevador - Iron Lift Elevadores","description":"Manuten\u00e7\u00e3o de elevador em S\u00e3o Paulo","robots":{"index":"index","follow":"follow","max-snippet":"max-snippet:-1","max-image-preview":"max-image-preview:large","max-video-preview":"max-video-preview:-1"},"canonical":"https:\/\/ironliftelevadores.com\/index.php\/consultoria-elevador-2\/","og_locale":"pt_BR","og_type":"article","og_title":"Manuten\u00e7\u00e3o de elevador - Iron Lift Elevadores","og_description":"Manuten\u00e7\u00e3o de elevador em S\u00e3o Paulo","og_url":"https:\/\/ironliftelevadores.com\/index.php\/consultoria-elevador-2\/","og_site_name":"Iron Lift Elevadores","article_modified_time":"2024-12-28T16:33:43+00:00","og_image":[{"url":"https:\/\/ironliftelevadores.com\/wp-content\/uploads\/2024\/02\/11687-1024x910.jpg"}],"twitter_card":"summary_large_image","twitter_misc":{"Est. tempo de leitura":"1 minuto"},"schema":{"@context":"https:\/\/schema.org","@graph":[{"@type":"WebPage","@id":"https:\/\/ironliftelevadores.com\/index.php\/consultoria-elevador-2\/","url":"https:\/\/ironliftelevadores.com\/index.php\/consultoria-elevador-2\/","name":"Manuten\u00e7\u00e3o de elevador - Iron Lift Elevadores","isPartOf":{"@id":"https:\/\/ironliftelevadores.com\/#website"},"datePublished":"2024-12-28T16:19:53+00:00","dateModified":"2024-12-28T16:33:43+00:00","description":"Manuten\u00e7\u00e3o de elevador em S\u00e3o Paulo","breadcrumb":{"@id":"https:\/\/ironliftelevadores.com\/index.php\/consultoria-elevador-2\/#breadcrumb"},"inLanguage":"pt-BR","potentialAction":[{"@type":"ReadAction","target":["https:\/\/ironliftelevadores.com\/index.php\/consultoria-elevador-2\/"]}]},{"@type":"BreadcrumbList","@id":"https:\/\/ironliftelevadores.com\/index.php\/consultoria-elevador-2\/#breadcrumb","itemListElement":[{"@type":"ListItem","position":1,"name":"In\u00edcio","item":"https:\/\/ironliftelevadores.com\/"},{"@type":"ListItem","position":2,"name":"Manuten\u00e7\u00e3o de elevador"}]},{"@type":"WebSite","@id":"https:\/\/ironliftelevadores.com\/#website","url":"https:\/\/ironliftelevadores.com\/","name":"Iron Lift Elevadores","description":"","publisher":{"@id":"https:\/\/ironliftelevadores.com\/#organization"},"potentialAction":[{"@type":"SearchAction","target":{"@type":"EntryPoint","urlTemplate":"https:\/\/ironliftelevadores.com\/?s={search_term_string}"},"query-input":"required name=search_term_string"}],"inLanguage":"pt-BR"},{"@type":"Organization","@id":"https:\/\/ironliftelevadores.com\/#organization","name":"Iron Lift Elevadores","url":"https:\/\/ironliftelevadores.com\/","logo":{"@type":"ImageObject","inLanguage":"pt-BR","@id":"https:\/\/ironliftelevadores.com\/#\/schema\/logo\/image\/","url":"https:\/\/ironliftelevadores.com\/wp-content\/uploads\/2024\/02\/IRON-LIFT-LOGO-OFICIAL-V1.jpg","contentUrl":"https:\/\/ironliftelevadores.com\/wp-content\/uploads\/2024\/02\/IRON-LIFT-LOGO-OFICIAL-V1.jpg","width":895,"height":329,"caption":"Iron Lift Elevadores"},"image":{"@id":"https:\/\/ironliftelevadores.com\/#\/schema\/logo\/image\/"}}]}},"_links":{"self":[{"href":"https:\/\/ironliftelevadores.com\/index.php\/wp-json\/wp\/v2\/pages\/114","targetHints":{"allow":["GET"]}}],"collection":[{"href":"https:\/\/ironliftelevadores.com\/index.php\/wp-json\/wp\/v2\/pages"}],"about":[{"href":"https:\/\/ironliftelevadores.com\/index.php\/wp-json\/wp\/v2\/types\/page"}],"author":[{"embeddable":true,"href":"https:\/\/ironliftelevadores.com\/index.php\/wp-json\/wp\/v2\/users\/1"}],"replies":[{"embeddable":true,"href":"https:\/\/ironliftelevadores.com\/index.php\/wp-json\/wp\/v2\/comments?post=114"}],"version-history":[{"count":12,"href":"https:\/\/ironliftelevadores.com\/index.php\/wp-json\/wp\/v2\/pages\/114\/revisions"}],"predecessor-version":[{"id":135,"href":"https:\/\/ironliftelevadores.com\/index.php\/wp-json\/wp\/v2\/pages\/114\/revisions\/135"}],"wp:attachment":[{"href":"https:\/\/ironliftelevadores.com\/index.php\/wp-json\/wp\/v2\/media?parent=114"}],"curies":[{"name":"wp","href":"https:\/\/api.w.org\/{rel}","templated":true}]}}