{"id":53,"date":"2024-02-14T15:59:56","date_gmt":"2024-02-14T15:59:56","guid":{"rendered":"https:\/\/ironliftelevadores.com\/?page_id=53"},"modified":"2024-02-14T15:59:56","modified_gmt":"2024-02-14T15:59:56","slug":"nosso-objetivo","status":"publish","type":"page","link":"https:\/\/ironliftelevadores.com\/index.php\/nosso-objetivo\/","title":{"rendered":"Nosso Objetivo"},"content":{"rendered":"<h3 dir=\"auto\" data-pm-slice=\"1 1 []\">NOSSO OBJETIVO:<\/h3>\n<p class=\"body\" dir=\"auto\"><strong><u>Consultoria<\/u><\/strong>.: Oferecer um suporte \/ orienta\u00e7\u00e3o imparcial voltado aos Administrad@res, Engenheir@s, S\u00edndic@s (S\u00edndic@s profissionais),entre outros profissionais que necessitam:<\/p>\n<ul dir=\"auto\">\n<li>\n<p class=\"body\" dir=\"auto\">Saber se a empresa prestadora de manuten\u00e7\u00e3o esta entregando o que esta em contrato;<\/p>\n<\/li>\n<li>\n<p class=\"body\" dir=\"auto\">Tomar decis\u00f5es corretas para aprova\u00e7\u00e3o de Contrato, como exemplo:&gt; aquisi\u00e7\u00e3o de uma pe\u00e7a, renova\u00e7\u00e3o de contrato, etc;<\/p>\n<\/li>\n<li>\n<p class=\"body\" dir=\"auto\">Saber porque os equipamentos est\u00e3o parando constantemente;<\/p>\n<\/li>\n<li>\n<p class=\"body\" dir=\"auto\">Saber se os equipamentos est\u00e3o conforme as Normas;<\/p>\n<\/li>\n<li>\n<p class=\"body\" dir=\"auto\">Saber se realmente os itens de Seguran\u00e7a est\u00e3o funcionando;<\/p>\n<\/li>\n<li>\n<p class=\"body\" dir=\"auto\">Orientar sobre as poss\u00edveis melhorias aos equipamentos;<\/p>\n<\/li>\n<li>\n<p class=\"body\" dir=\"auto\">Temos know how para reduzir em 60% m\u00e9dia os gastos do Condom\u00ednio; etc.<\/p>\n<\/li>\n<\/ul>\n<p class=\"body\" dir=\"auto\"><strong><u>Moderniza\u00e7\u00e3o<\/u><\/strong>.: Oferecer um or\u00e7amento extremamente real aos valores a serem pagos, entregar os melhores produtos que existem no mercado e dentro dos prazos negociados.<\/p>\n<p class=\"body\" dir=\"auto\"><strong><u>Palestras<\/u><\/strong>.: temos o intuito de abastecer o nosso cliente com informa\u00e7\u00f5es de grande relev\u00e2ncia, em v\u00e1rios casos capacitando-os para que tenham argumenta\u00e7\u00f5es e informa\u00e7\u00f5es do que realmente podem esperar de uma empresa de conserva\u00e7\u00e3o, e n\u00e3o simplesmente se basear em seus contratos.<\/p>\n<p class=\"body\" dir=\"auto\">Abordamos temas extremamente importantes para S\u00edndicas \/ S\u00edndicos, com foco de abastecer com mais informa\u00e7\u00f5es que ir\u00e1 contribuir no se dia a dia junto as empresas de conserva\u00e7\u00e3o.<\/p>\n<p class=\"body\" dir=\"auto\"><strong><u>Acolchoados<\/u><\/strong><\/p>\n<p class=\"body\" dir=\"auto\">Realizamos a confec\u00e7\u00e3o de acolchoados (prote\u00e7\u00e3o as cabinas), com instala\u00e7\u00e3o de pinos para fixa\u00e7\u00e3o dos acolchoados em um prazo m\u00e9dia de uma semana.<\/p>\n<p class=\"body\" dir=\"auto\">Conte conosco para fornecer o melhor. Estamos aqui para poder ajud\u00e1-lo a garantir a seguran\u00e7a e a efici\u00eancia dos seus sistemas de transporte vertical.<\/p>\n","protected":false},"excerpt":{"rendered":"<p>NOSSO OBJETIVO: Consultoria.: Oferecer um suporte \/ orienta\u00e7\u00e3o imparcial voltado aos Administrad@res, Engenheir@s, S\u00edndic@s (S\u00edndic@s profissionais),entre outros profissionais que necessitam: Saber se a empresa prestadora de manuten\u00e7\u00e3o esta entregando o que esta em contrato; Tomar decis\u00f5es corretas para aprova\u00e7\u00e3o de Contrato, como exemplo:&gt; aquisi\u00e7\u00e3o de uma pe\u00e7a, renova\u00e7\u00e3o de contrato, etc; Saber porque os equipamentos [&hellip;]<\/p>\n","protected":false},"author":1,"featured_media":0,"parent":0,"menu_order":0,"comment_status":"closed","ping_status":"closed","template":"","meta":{"content-type":"","footnotes":""},"class_list":["post-53","page","type-page","status-publish","hentry"],"yoast_head":"<!-- This site is optimized with the Yoast SEO plugin v22.0 - https:\/\/yoast.com\/wordpress\/plugins\/seo\/ -->\n<title>Nosso Objetivo - Iron Lift Elevadores<\/title>\n<meta name=\"robots\" content=\"index, follow, max-snippet:-1, max-image-preview:large, max-video-preview:-1\" \/>\n<link rel=\"canonical\" href=\"https:\/\/ironliftelevadores.com\/index.php\/nosso-objetivo\/\" \/>\n<meta property=\"og:locale\" content=\"pt_BR\" \/>\n<meta property=\"og:type\" content=\"article\" \/>\n<meta property=\"og:title\" content=\"Nosso Objetivo - Iron Lift Elevadores\" \/>\n<meta property=\"og:description\" content=\"NOSSO OBJETIVO: Consultoria.: Oferecer um suporte \/ orienta\u00e7\u00e3o imparcial voltado aos Administrad@res, Engenheir@s, S\u00edndic@s (S\u00edndic@s profissionais),entre outros profissionais que necessitam: Saber se a empresa prestadora de manuten\u00e7\u00e3o esta entregando o que esta em contrato; Tomar decis\u00f5es corretas para aprova\u00e7\u00e3o de Contrato, como exemplo:&gt; aquisi\u00e7\u00e3o de uma pe\u00e7a, renova\u00e7\u00e3o de contrato, etc; Saber porque os equipamentos [&hellip;]\" \/>\n<meta property=\"og:url\" content=\"https:\/\/ironliftelevadores.com\/index.php\/nosso-objetivo\/\" \/>\n<meta property=\"og:site_name\" content=\"Iron Lift Elevadores\" \/>\n<meta name=\"twitter:card\" content=\"summary_large_image\" \/>\n<meta name=\"twitter:label1\" content=\"Est. tempo de leitura\" \/>\n\t<meta name=\"twitter:data1\" content=\"1 minuto\" \/>\n<script type=\"application\/ld+json\" class=\"yoast-schema-graph\">{\"@context\":\"https:\/\/schema.org\",\"@graph\":[{\"@type\":\"WebPage\",\"@id\":\"https:\/\/ironliftelevadores.com\/index.php\/nosso-objetivo\/\",\"url\":\"https:\/\/ironliftelevadores.com\/index.php\/nosso-objetivo\/\",\"name\":\"Nosso Objetivo - Iron Lift Elevadores\",\"isPartOf\":{\"@id\":\"https:\/\/ironliftelevadores.com\/#website\"},\"datePublished\":\"2024-02-14T15:59:56+00:00\",\"dateModified\":\"2024-02-14T15:59:56+00:00\",\"breadcrumb\":{\"@id\":\"https:\/\/ironliftelevadores.com\/index.php\/nosso-objetivo\/#breadcrumb\"},\"inLanguage\":\"pt-BR\",\"potentialAction\":[{\"@type\":\"ReadAction\",\"target\":[\"https:\/\/ironliftelevadores.com\/index.php\/nosso-objetivo\/\"]}]},{\"@type\":\"BreadcrumbList\",\"@id\":\"https:\/\/ironliftelevadores.com\/index.php\/nosso-objetivo\/#breadcrumb\",\"itemListElement\":[{\"@type\":\"ListItem\",\"position\":1,\"name\":\"In\u00edcio\",\"item\":\"https:\/\/ironliftelevadores.com\/\"},{\"@type\":\"ListItem\",\"position\":2,\"name\":\"Nosso Objetivo\"}]},{\"@type\":\"WebSite\",\"@id\":\"https:\/\/ironliftelevadores.com\/#website\",\"url\":\"https:\/\/ironliftelevadores.com\/\",\"name\":\"Iron Lift Elevadores\",\"description\":\"\",\"publisher\":{\"@id\":\"https:\/\/ironliftelevadores.com\/#organization\"},\"potentialAction\":[{\"@type\":\"SearchAction\",\"target\":{\"@type\":\"EntryPoint\",\"urlTemplate\":\"https:\/\/ironliftelevadores.com\/?s={search_term_string}\"},\"query-input\":\"required name=search_term_string\"}],\"inLanguage\":\"pt-BR\"},{\"@type\":\"Organization\",\"@id\":\"https:\/\/ironliftelevadores.com\/#organization\",\"name\":\"Iron Lift Elevadores\",\"url\":\"https:\/\/ironliftelevadores.com\/\",\"logo\":{\"@type\":\"ImageObject\",\"inLanguage\":\"pt-BR\",\"@id\":\"https:\/\/ironliftelevadores.com\/#\/schema\/logo\/image\/\",\"url\":\"https:\/\/ironliftelevadores.com\/wp-content\/uploads\/2024\/02\/IRON-LIFT-LOGO-OFICIAL-V1.jpg\",\"contentUrl\":\"https:\/\/ironliftelevadores.com\/wp-content\/uploads\/2024\/02\/IRON-LIFT-LOGO-OFICIAL-V1.jpg\",\"width\":895,\"height\":329,\"caption\":\"Iron Lift Elevadores\"},\"image\":{\"@id\":\"https:\/\/ironliftelevadores.com\/#\/schema\/logo\/image\/\"}}]}<\/script>\n<!-- \/ Yoast SEO plugin. -->","yoast_head_json":{"title":"Nosso Objetivo - Iron Lift Elevadores","robots":{"index":"index","follow":"follow","max-snippet":"max-snippet:-1","max-image-preview":"max-image-preview:large","max-video-preview":"max-video-preview:-1"},"canonical":"https:\/\/ironliftelevadores.com\/index.php\/nosso-objetivo\/","og_locale":"pt_BR","og_type":"article","og_title":"Nosso Objetivo - Iron Lift Elevadores","og_description":"NOSSO OBJETIVO: Consultoria.: Oferecer um suporte \/ orienta\u00e7\u00e3o imparcial voltado aos Administrad@res, Engenheir@s, S\u00edndic@s (S\u00edndic@s profissionais),entre outros profissionais que necessitam: Saber se a empresa prestadora de manuten\u00e7\u00e3o esta entregando o que esta em contrato; Tomar decis\u00f5es corretas para aprova\u00e7\u00e3o de Contrato, como exemplo:&gt; aquisi\u00e7\u00e3o de uma pe\u00e7a, renova\u00e7\u00e3o de contrato, etc; Saber porque os equipamentos [&hellip;]","og_url":"https:\/\/ironliftelevadores.com\/index.php\/nosso-objetivo\/","og_site_name":"Iron Lift Elevadores","twitter_card":"summary_large_image","twitter_misc":{"Est. tempo de leitura":"1 minuto"},"schema":{"@context":"https:\/\/schema.org","@graph":[{"@type":"WebPage","@id":"https:\/\/ironliftelevadores.com\/index.php\/nosso-objetivo\/","url":"https:\/\/ironliftelevadores.com\/index.php\/nosso-objetivo\/","name":"Nosso Objetivo - Iron Lift Elevadores","isPartOf":{"@id":"https:\/\/ironliftelevadores.com\/#website"},"datePublished":"2024-02-14T15:59:56+00:00","dateModified":"2024-02-14T15:59:56+00:00","breadcrumb":{"@id":"https:\/\/ironliftelevadores.com\/index.php\/nosso-objetivo\/#breadcrumb"},"inLanguage":"pt-BR","potentialAction":[{"@type":"ReadAction","target":["https:\/\/ironliftelevadores.com\/index.php\/nosso-objetivo\/"]}]},{"@type":"BreadcrumbList","@id":"https:\/\/ironliftelevadores.com\/index.php\/nosso-objetivo\/#breadcrumb","itemListElement":[{"@type":"ListItem","position":1,"name":"In\u00edcio","item":"https:\/\/ironliftelevadores.com\/"},{"@type":"ListItem","position":2,"name":"Nosso Objetivo"}]},{"@type":"WebSite","@id":"https:\/\/ironliftelevadores.com\/#website","url":"https:\/\/ironliftelevadores.com\/","name":"Iron Lift Elevadores","description":"","publisher":{"@id":"https:\/\/ironliftelevadores.com\/#organization"},"potentialAction":[{"@type":"SearchAction","target":{"@type":"EntryPoint","urlTemplate":"https:\/\/ironliftelevadores.com\/?s={search_term_string}"},"query-input":"required name=search_term_string"}],"inLanguage":"pt-BR"},{"@type":"Organization","@id":"https:\/\/ironliftelevadores.com\/#organization","name":"Iron Lift Elevadores","url":"https:\/\/ironliftelevadores.com\/","logo":{"@type":"ImageObject","inLanguage":"pt-BR","@id":"https:\/\/ironliftelevadores.com\/#\/schema\/logo\/image\/","url":"https:\/\/ironliftelevadores.com\/wp-content\/uploads\/2024\/02\/IRON-LIFT-LOGO-OFICIAL-V1.jpg","contentUrl":"https:\/\/ironliftelevadores.com\/wp-content\/uploads\/2024\/02\/IRON-LIFT-LOGO-OFICIAL-V1.jpg","width":895,"height":329,"caption":"Iron Lift Elevadores"},"image":{"@id":"https:\/\/ironliftelevadores.com\/#\/schema\/logo\/image\/"}}]}},"_links":{"self":[{"href":"https:\/\/ironliftelevadores.com\/index.php\/wp-json\/wp\/v2\/pages\/53","targetHints":{"allow":["GET"]}}],"collection":[{"href":"https:\/\/ironliftelevadores.com\/index.php\/wp-json\/wp\/v2\/pages"}],"about":[{"href":"https:\/\/ironliftelevadores.com\/index.php\/wp-json\/wp\/v2\/types\/page"}],"author":[{"embeddable":true,"href":"https:\/\/ironliftelevadores.com\/index.php\/wp-json\/wp\/v2\/users\/1"}],"replies":[{"embeddable":true,"href":"https:\/\/ironliftelevadores.com\/index.php\/wp-json\/wp\/v2\/comments?post=53"}],"version-history":[{"count":1,"href":"https:\/\/ironliftelevadores.com\/index.php\/wp-json\/wp\/v2\/pages\/53\/revisions"}],"predecessor-version":[{"id":54,"href":"https:\/\/ironliftelevadores.com\/index.php\/wp-json\/wp\/v2\/pages\/53\/revisions\/54"}],"wp:attachment":[{"href":"https:\/\/ironliftelevadores.com\/index.php\/wp-json\/wp\/v2\/media?parent=53"}],"curies":[{"name":"wp","href":"https:\/\/api.w.org\/{rel}","templated":true}]}}